{"id":129,"date":"2017-06-28T20:21:08","date_gmt":"2017-06-28T18:21:08","guid":{"rendered":"http:\/\/kravmagacaen.com\/?page_id=129"},"modified":"2025-09-13T14:29:27","modified_gmt":"2025-09-13T12:29:27","slug":"programme-technique","status":"publish","type":"page","link":"https:\/\/kravmagacaen.com\/index.php\/programme-technique\/","title":{"rendered":"Programme Technique"},"content":{"rendered":"\n<p class=\"has-text-align-center has-black-color has-text-color has-link-color wp-elements-7ba16addb329cc6396dfd9820d4b4c91\">Mise \u00e0 jour au 13 septembre 2025<\/p>\n\n\n\n<h4 class=\"wp-block-heading has-text-align-center\"><strong>&#8212;&#8212;&#8212;&#8212;&#8212;&#8212;&#8212;&#8212;&#8212;-<\/strong><\/h4>\n\n\n<p><span style=\"color: #000000;\">Le programme technique du Krav Maga est d\u00e9coup\u00e9 en ceintures et chaque pratiquant peut mesurer sa progression lors des passages de grades. Ils ne sont pas obligatoires mais permettent d&rsquo;\u00eatre \u00e9valu\u00e9 sur une saison de pratique et de se fixer des objectifs tout au long de l&rsquo;ann\u00e9e.<\/span><\/p>\n<p><span style=\"color: #000000;\">Le rythme est d&rsquo;une ceinture par saison jusqu&rsquo;\u00e0 la noire.<\/span><\/p>\n<p><span style=\"color: #000000;\">Un pratiquant motiv\u00e9 et assidu peut obtenir sa ceinture noire en 6 ans. Ensuite il faut 2 ans entre la 1\u00e8re et la 2\u00e8me Darga, puis 3 ans entre la 2\u00e8me et la 3\u00e8me Darga etc.<\/span><\/p>\n<p><span style=\"color: #000000;\">Vous pouvez t\u00e9l\u00e9charger ci-dessous les programmes officiels par ceinture:<\/span><\/p>\n<p><img loading=\"lazy\" decoding=\"async\" class=\"alignnone wp-image-215\" src=\"http:\/\/kravmagacaen.com\/wp-content\/uploads\/2017\/07\/image_ceintures.jpg\" alt=\"\" width=\"176\" height=\"134\" srcset=\"https:\/\/kravmagacaen.com\/wp-content\/uploads\/2017\/07\/image_ceintures.jpg 257w, https:\/\/kravmagacaen.com\/wp-content\/uploads\/2017\/07\/image_ceintures-230x175.jpg 230w\" sizes=\"auto, (max-width: 176px) 100vw, 176px\" \/><\/p>\n<p><a href=\"https:\/\/kravmagacaen.com\/wp-content\/uploads\/2025\/09\/01-PASSAGE-DE-GRADE-CEINTURE-JAUNE.pdf\" target=\"_blank\" rel=\"noopener noreferrer\">Ceinture Jaune [pdf]<\/a><\/p>\n<p><a href=\"https:\/\/kravmagacaen.com\/wp-content\/uploads\/2025\/09\/02-PASSAGE-DE-GRADE-CEINTURE-ORANGE.pdf\" target=\"_blank\" rel=\"noopener noreferrer\">Ceinture Orange [pdf]<\/a><\/p>\n<p><a href=\"https:\/\/kravmagacaen.com\/wp-content\/uploads\/2025\/09\/03-PASSAGE-DE-GRADE-CEINTURE-VERTE.pdf\" target=\"_blank\" rel=\"noopener noreferrer\">Ceinture Verte [pdf]<\/a><\/p>\n<p><a href=\"https:\/\/kravmagacaen.com\/wp-content\/uploads\/2025\/09\/04-PASSAGE-DE-GRADE-CEINTURE-BLEUE.pdf\" target=\"_blank\" rel=\"noopener noreferrer\">Ceinture Bleue [pdf]<\/a><\/p>\n<p><a href=\"https:\/\/kravmagacaen.com\/wp-content\/uploads\/2025\/09\/05-PASSAGE-DE-GRADE-CEINTURE-MARRON.pdf\" target=\"_blank\" rel=\"noopener noreferrer\">Ceinture Marron [pdf]<\/a><\/p>\n<p><img loading=\"lazy\" decoding=\"async\" class=\"alignnone  wp-image-2048\" src=\"https:\/\/kravmagacaen.com\/wp-content\/uploads\/2021\/09\/ceinture-noire-300x138.jpg\" alt=\"\" width=\"185\" height=\"85\" srcset=\"https:\/\/kravmagacaen.com\/wp-content\/uploads\/2021\/09\/ceinture-noire-300x138.jpg 300w, https:\/\/kravmagacaen.com\/wp-content\/uploads\/2021\/09\/ceinture-noire-230x106.jpg 230w, https:\/\/kravmagacaen.com\/wp-content\/uploads\/2021\/09\/ceinture-noire.jpg 331w\" sizes=\"auto, (max-width: 185px) 100vw, 185px\" \/><\/p>\n<p><a href=\"https:\/\/kravmagacaen.com\/wp-content\/uploads\/2023\/09\/06-PASSAGE-DE-GRADE-CEINTURE-NOIRE-1ERE-DARGA.pdf\" target=\"_blank\" rel=\"noopener noreferrer\">Ceinture Noire 1\u00e8re Darga [pdf]<\/a><\/p>\n<p><a href=\"https:\/\/kravmagacaen.com\/wp-content\/uploads\/2023\/09\/07-PASSAGE-DE-GRADE-CEINTURE-NOIRE-2EME-DARGA.pdf\" target=\"_blank\" rel=\"noopener noreferrer\">Ceinture Noire 2\u00e8me Darga [pdf]<\/a><\/p>\n<p><a href=\"https:\/\/kravmagacaen.com\/wp-content\/uploads\/2023\/09\/08-PASSAGE-DE-GRADE-CEINTURE-NOIRE-3EME-DARGA.pdf\" target=\"_blank\" rel=\"noopener noreferrer\">Ceinture Noire 3\u00e8me Darga [pdf]<\/a><\/p>\n<p><a href=\"https:\/\/kravmagacaen.com\/wp-content\/uploads\/2023\/09\/09-PASSAGE-DE-GRADE-CEINTURE-NOIRE-4EME-DARGA.pdf\" target=\"_blank\" rel=\"noopener noreferrer\">Ceinture Noire 4\u00e8me Darga [pdf]<\/a><\/p>\n<p><a href=\"https:\/\/kravmagacaen.com\/wp-content\/uploads\/2023\/09\/10-PASSAGE-DE-GRADE-CEINTURE-NOIRE-5EME-DARGA.pdf\" target=\"_blank\" rel=\"noopener noreferrer\">Ceinture Noire 5\u00e8me Darga [pdf]<\/a><\/p>","protected":false},"excerpt":{"rendered":"<p>Mise \u00e0 jour au 13 septembre 2025 &#8212;&#8212;&#8212;&#8212;&#8212;&#8212;&#8212;&#8212;&#8212;- Le programme technique du Krav Maga est d\u00e9coup\u00e9 en ceintures et chaque pratiquant peut mesurer sa progression lors des passages de grades. Ils ne sont pas obligatoires mais permettent d&rsquo;\u00eatre \u00e9valu\u00e9 sur une saison de pratique et de se fixer des objectifs tout au long de l&rsquo;ann\u00e9e. [&hellip;]<\/p>\n","protected":false},"author":1,"featured_media":0,"parent":0,"menu_order":0,"comment_status":"closed","ping_status":"closed","template":"","meta":{"_exactmetrics_skip_tracking":false,"_exactmetrics_sitenote_active":false,"_exactmetrics_sitenote_note":"","_exactmetrics_sitenote_category":0,"footnotes":""},"class_list":["post-129","page","type-page","status-publish","hentry"],"yoast_head":"<!-- This site is optimized with the Yoast SEO plugin v27.4 - https:\/\/yoast.com\/product\/yoast-seo-wordpress\/ -->\n<title>Programme Technique - Krav Maga Caen<\/title>\n<meta name=\"robots\" content=\"index, follow, max-snippet:-1, max-image-preview:large, max-video-preview:-1\" \/>\n<link rel=\"canonical\" href=\"https:\/\/kravmagacaen.com\/index.php\/programme-technique\/\" \/>\n<meta property=\"og:locale\" content=\"fr_FR\" \/>\n<meta property=\"og:type\" content=\"article\" \/>\n<meta property=\"og:title\" content=\"Programme Technique - Krav Maga Caen\" \/>\n<meta property=\"og:description\" content=\"Mise \u00e0 jour au 13 septembre 2025 &#8212;&#8212;&#8212;&#8212;&#8212;&#8212;&#8212;&#8212;&#8212;- Le programme technique du Krav Maga est d\u00e9coup\u00e9 en ceintures et chaque pratiquant peut mesurer sa progression lors des passages de grades. Ils ne sont pas obligatoires mais permettent d&rsquo;\u00eatre \u00e9valu\u00e9 sur une saison de pratique et de se fixer des objectifs tout au long de l&rsquo;ann\u00e9e. [&hellip;]\" \/>\n<meta property=\"og:url\" content=\"https:\/\/kravmagacaen.com\/index.php\/programme-technique\/\" \/>\n<meta property=\"og:site_name\" content=\"Krav Maga Caen\" \/>\n<meta property=\"article:publisher\" content=\"https:\/\/www.facebook.com\/groups\/1646556705578289\/\" \/>\n<meta property=\"article:modified_time\" content=\"2025-09-13T12:29:27+00:00\" \/>\n<meta property=\"og:image\" content=\"https:\/\/kravmagacaen.com\/wp-content\/uploads\/2017\/07\/image_ceintures.jpg\" \/>\n\t<meta property=\"og:image:width\" content=\"257\" \/>\n\t<meta property=\"og:image:height\" content=\"196\" \/>\n\t<meta property=\"og:image:type\" content=\"image\/jpeg\" \/>\n<meta name=\"twitter:card\" content=\"summary_large_image\" \/>\n<meta name=\"twitter:label1\" content=\"Dur\u00e9e de lecture estim\u00e9e\" \/>\n\t<meta name=\"twitter:data1\" content=\"2 minutes\" \/>\n<script type=\"application\/ld+json\" class=\"yoast-schema-graph\">{\"@context\":\"https:\\\/\\\/schema.org\",\"@graph\":[{\"@type\":\"WebPage\",\"@id\":\"https:\\\/\\\/kravmagacaen.com\\\/index.php\\\/programme-technique\\\/\",\"url\":\"https:\\\/\\\/kravmagacaen.com\\\/index.php\\\/programme-technique\\\/\",\"name\":\"Programme Technique - Krav Maga Caen\",\"isPartOf\":{\"@id\":\"https:\\\/\\\/kravmagacaen.com\\\/#website\"},\"primaryImageOfPage\":{\"@id\":\"https:\\\/\\\/kravmagacaen.com\\\/index.php\\\/programme-technique\\\/#primaryimage\"},\"image\":{\"@id\":\"https:\\\/\\\/kravmagacaen.com\\\/index.php\\\/programme-technique\\\/#primaryimage\"},\"thumbnailUrl\":\"http:\\\/\\\/kravmagacaen.com\\\/wp-content\\\/uploads\\\/2017\\\/07\\\/image_ceintures.jpg\",\"datePublished\":\"2017-06-28T18:21:08+00:00\",\"dateModified\":\"2025-09-13T12:29:27+00:00\",\"breadcrumb\":{\"@id\":\"https:\\\/\\\/kravmagacaen.com\\\/index.php\\\/programme-technique\\\/#breadcrumb\"},\"inLanguage\":\"fr-FR\",\"potentialAction\":[{\"@type\":\"ReadAction\",\"target\":[\"https:\\\/\\\/kravmagacaen.com\\\/index.php\\\/programme-technique\\\/\"]}]},{\"@type\":\"ImageObject\",\"inLanguage\":\"fr-FR\",\"@id\":\"https:\\\/\\\/kravmagacaen.com\\\/index.php\\\/programme-technique\\\/#primaryimage\",\"url\":\"http:\\\/\\\/kravmagacaen.com\\\/wp-content\\\/uploads\\\/2017\\\/07\\\/image_ceintures.jpg\",\"contentUrl\":\"http:\\\/\\\/kravmagacaen.com\\\/wp-content\\\/uploads\\\/2017\\\/07\\\/image_ceintures.jpg\"},{\"@type\":\"BreadcrumbList\",\"@id\":\"https:\\\/\\\/kravmagacaen.com\\\/index.php\\\/programme-technique\\\/#breadcrumb\",\"itemListElement\":[{\"@type\":\"ListItem\",\"position\":1,\"name\":\"Accueil\",\"item\":\"https:\\\/\\\/kravmagacaen.com\\\/\"},{\"@type\":\"ListItem\",\"position\":2,\"name\":\"Programme Technique\"}]},{\"@type\":\"WebSite\",\"@id\":\"https:\\\/\\\/kravmagacaen.com\\\/#website\",\"url\":\"https:\\\/\\\/kravmagacaen.com\\\/\",\"name\":\"Krav Maga Caen\",\"description\":\"Club affili\u00e9 \u00e0 la FEKM\",\"publisher\":{\"@id\":\"https:\\\/\\\/kravmagacaen.com\\\/#organization\"},\"potentialAction\":[{\"@type\":\"SearchAction\",\"target\":{\"@type\":\"EntryPoint\",\"urlTemplate\":\"https:\\\/\\\/kravmagacaen.com\\\/?s={search_term_string}\"},\"query-input\":{\"@type\":\"PropertyValueSpecification\",\"valueRequired\":true,\"valueName\":\"search_term_string\"}}],\"inLanguage\":\"fr-FR\"},{\"@type\":\"Organization\",\"@id\":\"https:\\\/\\\/kravmagacaen.com\\\/#organization\",\"name\":\"Krav Maga Caen USCC\",\"url\":\"https:\\\/\\\/kravmagacaen.com\\\/\",\"logo\":{\"@type\":\"ImageObject\",\"inLanguage\":\"fr-FR\",\"@id\":\"https:\\\/\\\/kravmagacaen.com\\\/#\\\/schema\\\/logo\\\/image\\\/\",\"url\":\"https:\\\/\\\/kravmagacaen.com\\\/wp-content\\\/uploads\\\/2017\\\/08\\\/poing_baptiste.jpg\",\"contentUrl\":\"https:\\\/\\\/kravmagacaen.com\\\/wp-content\\\/uploads\\\/2017\\\/08\\\/poing_baptiste.jpg\",\"width\":640,\"height\":852,\"caption\":\"Krav Maga Caen USCC\"},\"image\":{\"@id\":\"https:\\\/\\\/kravmagacaen.com\\\/#\\\/schema\\\/logo\\\/image\\\/\"},\"sameAs\":[\"https:\\\/\\\/www.facebook.com\\\/groups\\\/1646556705578289\\\/\"]}]}<\/script>\n<!-- \/ Yoast SEO plugin. -->","yoast_head_json":{"title":"Programme Technique - Krav Maga Caen","robots":{"index":"index","follow":"follow","max-snippet":"max-snippet:-1","max-image-preview":"max-image-preview:large","max-video-preview":"max-video-preview:-1"},"canonical":"https:\/\/kravmagacaen.com\/index.php\/programme-technique\/","og_locale":"fr_FR","og_type":"article","og_title":"Programme Technique - Krav Maga Caen","og_description":"Mise \u00e0 jour au 13 septembre 2025 &#8212;&#8212;&#8212;&#8212;&#8212;&#8212;&#8212;&#8212;&#8212;- Le programme technique du Krav Maga est d\u00e9coup\u00e9 en ceintures et chaque pratiquant peut mesurer sa progression lors des passages de grades. Ils ne sont pas obligatoires mais permettent d&rsquo;\u00eatre \u00e9valu\u00e9 sur une saison de pratique et de se fixer des objectifs tout au long de l&rsquo;ann\u00e9e. [&hellip;]","og_url":"https:\/\/kravmagacaen.com\/index.php\/programme-technique\/","og_site_name":"Krav Maga Caen","article_publisher":"https:\/\/www.facebook.com\/groups\/1646556705578289\/","article_modified_time":"2025-09-13T12:29:27+00:00","og_image":[{"width":257,"height":196,"url":"https:\/\/kravmagacaen.com\/wp-content\/uploads\/2017\/07\/image_ceintures.jpg","type":"image\/jpeg"}],"twitter_card":"summary_large_image","twitter_misc":{"Dur\u00e9e de lecture estim\u00e9e":"2 minutes"},"schema":{"@context":"https:\/\/schema.org","@graph":[{"@type":"WebPage","@id":"https:\/\/kravmagacaen.com\/index.php\/programme-technique\/","url":"https:\/\/kravmagacaen.com\/index.php\/programme-technique\/","name":"Programme Technique - Krav Maga Caen","isPartOf":{"@id":"https:\/\/kravmagacaen.com\/#website"},"primaryImageOfPage":{"@id":"https:\/\/kravmagacaen.com\/index.php\/programme-technique\/#primaryimage"},"image":{"@id":"https:\/\/kravmagacaen.com\/index.php\/programme-technique\/#primaryimage"},"thumbnailUrl":"http:\/\/kravmagacaen.com\/wp-content\/uploads\/2017\/07\/image_ceintures.jpg","datePublished":"2017-06-28T18:21:08+00:00","dateModified":"2025-09-13T12:29:27+00:00","breadcrumb":{"@id":"https:\/\/kravmagacaen.com\/index.php\/programme-technique\/#breadcrumb"},"inLanguage":"fr-FR","potentialAction":[{"@type":"ReadAction","target":["https:\/\/kravmagacaen.com\/index.php\/programme-technique\/"]}]},{"@type":"ImageObject","inLanguage":"fr-FR","@id":"https:\/\/kravmagacaen.com\/index.php\/programme-technique\/#primaryimage","url":"http:\/\/kravmagacaen.com\/wp-content\/uploads\/2017\/07\/image_ceintures.jpg","contentUrl":"http:\/\/kravmagacaen.com\/wp-content\/uploads\/2017\/07\/image_ceintures.jpg"},{"@type":"BreadcrumbList","@id":"https:\/\/kravmagacaen.com\/index.php\/programme-technique\/#breadcrumb","itemListElement":[{"@type":"ListItem","position":1,"name":"Accueil","item":"https:\/\/kravmagacaen.com\/"},{"@type":"ListItem","position":2,"name":"Programme Technique"}]},{"@type":"WebSite","@id":"https:\/\/kravmagacaen.com\/#website","url":"https:\/\/kravmagacaen.com\/","name":"Krav Maga Caen","description":"Club affili\u00e9 \u00e0 la FEKM","publisher":{"@id":"https:\/\/kravmagacaen.com\/#organization"},"potentialAction":[{"@type":"SearchAction","target":{"@type":"EntryPoint","urlTemplate":"https:\/\/kravmagacaen.com\/?s={search_term_string}"},"query-input":{"@type":"PropertyValueSpecification","valueRequired":true,"valueName":"search_term_string"}}],"inLanguage":"fr-FR"},{"@type":"Organization","@id":"https:\/\/kravmagacaen.com\/#organization","name":"Krav Maga Caen USCC","url":"https:\/\/kravmagacaen.com\/","logo":{"@type":"ImageObject","inLanguage":"fr-FR","@id":"https:\/\/kravmagacaen.com\/#\/schema\/logo\/image\/","url":"https:\/\/kravmagacaen.com\/wp-content\/uploads\/2017\/08\/poing_baptiste.jpg","contentUrl":"https:\/\/kravmagacaen.com\/wp-content\/uploads\/2017\/08\/poing_baptiste.jpg","width":640,"height":852,"caption":"Krav Maga Caen USCC"},"image":{"@id":"https:\/\/kravmagacaen.com\/#\/schema\/logo\/image\/"},"sameAs":["https:\/\/www.facebook.com\/groups\/1646556705578289\/"]}]}},"_links":{"self":[{"href":"https:\/\/kravmagacaen.com\/index.php\/wp-json\/wp\/v2\/pages\/129","targetHints":{"allow":["GET"]}}],"collection":[{"href":"https:\/\/kravmagacaen.com\/index.php\/wp-json\/wp\/v2\/pages"}],"about":[{"href":"https:\/\/kravmagacaen.com\/index.php\/wp-json\/wp\/v2\/types\/page"}],"author":[{"embeddable":true,"href":"https:\/\/kravmagacaen.com\/index.php\/wp-json\/wp\/v2\/users\/1"}],"replies":[{"embeddable":true,"href":"https:\/\/kravmagacaen.com\/index.php\/wp-json\/wp\/v2\/comments?post=129"}],"version-history":[{"count":24,"href":"https:\/\/kravmagacaen.com\/index.php\/wp-json\/wp\/v2\/pages\/129\/revisions"}],"predecessor-version":[{"id":3071,"href":"https:\/\/kravmagacaen.com\/index.php\/wp-json\/wp\/v2\/pages\/129\/revisions\/3071"}],"wp:attachment":[{"href":"https:\/\/kravmagacaen.com\/index.php\/wp-json\/wp\/v2\/media?parent=129"}],"curies":[{"name":"wp","href":"https:\/\/api.w.org\/{rel}","templated":true}]}}