{"id":233,"date":"2017-07-03T17:03:05","date_gmt":"2017-07-03T15:03:05","guid":{"rendered":"http:\/\/kravmagacaen.com\/?page_id=233"},"modified":"2021-09-02T11:09:58","modified_gmt":"2021-09-02T09:09:58","slug":"le-krav-maga","status":"publish","type":"page","link":"https:\/\/kravmagacaen.com\/index.php\/le-krav-maga\/","title":{"rendered":"Le Krav Maga"},"content":{"rendered":"<p><img loading=\"lazy\" decoding=\"async\" class=\"wp-image-76 aligncenter\" src=\"http:\/\/kravmagacaen.com\/wp-content\/uploads\/2017\/06\/richard_fekm.jpg\" alt=\"\" width=\"297\" height=\"183\" srcset=\"https:\/\/kravmagacaen.com\/wp-content\/uploads\/2017\/06\/richard_fekm.jpg 286w, https:\/\/kravmagacaen.com\/wp-content\/uploads\/2017\/06\/richard_fekm-230x142.jpg 230w\" sizes=\"auto, (max-width: 297px) 100vw, 297px\" \/><\/p>\n<div id=\"page-wrapper\">\n<div id=\"page\">\n<div id=\"main-wrapper\">\n<div id=\"breadcrumb\"><\/div>\n<div id=\"main\" class=\"clearfix\">\n<div class=\"container\">\n<div class=\"region region-content\">\n<div id=\"block-system-main\" class=\"block block-system\">\n<div class=\"content\">\n<div id=\"node-3\" class=\"node node-article clearfix\">\n<h1 id=\"page-title\" class=\"title\"><\/h1>\n<div class=\"content primary-content\">\n<div class=\"container-wrapper\">\n<p><span class=\"blue\"><strong>Le Krav Maga est simple et efficace<\/strong> : Il a \u00e9t\u00e9 adopt\u00e9 par toutes les forces arm\u00e9es Isra\u00e9liennes, certaines unit\u00e9s de police am\u00e9ricaine, agents du F.B.I. gendarmes du G.I.G.N et le RAID.<\/span><\/p>\n<p><span class=\"blue\">Le Krav-Maga qui signifie en h\u00e9breu \u00a0\u00bb Combat Rapproch\u00e9 \u00a0\u00bb comporte deux parties<\/span><\/p>\n<div class=\"row\" style=\"margin-top: 20px;\">\n<div class=\"col-sm-6\">\n<ul>\n<li><strong>La self &#8211; d\u00e9fense<\/strong> en est la charpente et renferme des techniques vari\u00e9es visant \u00e0 permettre \u00e0 ceux qui y sont initi\u00e9s de se d\u00e9fendre contre une attaque, \u00e9viter les blessures et de venir \u00e0 bout d&rsquo;un assaillant. Cette partie contient des parades contre une grande vari\u00e9t\u00e9 d&rsquo;attaques arm\u00e9es ou non et dans des positions de base diff\u00e9rentes : debout, assis, couch\u00e9&#8230;<\/li>\n<li><strong>Le combat au corps \u00e0 corps <\/strong>constitue une phase plus avanc\u00e9e du Krav-Maga et enseigne la fa\u00e7on de neutraliser rapidement et efficacement un adversaire. Il regroupe des \u00e9l\u00e9ments ayant trait au combat proprement dit : les tactiques, les feintes, la combinaison d&rsquo;attaques diff\u00e9rentes, la dimension psychologique du combat&#8230; et autant d&rsquo;exercices Permettant de d\u00e9velopper sa capacit\u00e9 \u00e0 g\u00e9rer des situations de confrontations physiques dangereuses.<\/li>\n<\/ul>\n<\/div>\n<\/div>\n<p><strong><span class=\"blue\">Qu\u2019est ce qui fait la force du Krav Maga ?<\/span><\/strong><\/p>\n<p>Il est n\u00e9 dans un contexte historique, o\u00f9 savoir se d\u00e9fendre \u00e9tait important. Imi Lichtenfeld a con\u00e7u sa m\u00e9thode dans un souci de r\u00e9alisme, et au fil des ann\u00e9es, a test\u00e9 ses d\u00e9couvertes dans de nombreuses circonstances. Cela fait du Krav Maga une self d\u00e9fense moderne et r\u00e9aliste caract\u00e9ris\u00e9e par un mode de pens\u00e9e coh\u00e9rent et logique qui permet des techniques naturelles, pratiques et faciles bas\u00e9es sur des mouvements relativement simples du corps humain.<\/p>\n<p>Evidemment, le souci de r\u00e9alisme de cette discipline n\u2019autorise pas l\u2019\u00e9dification de r\u00e8gles sportives, ni de comp\u00e9titions, qui la limiteraient aux interdits de ces r\u00e8gles. Elle constitue une m\u00e9thode id\u00e9ale de self &#8211; d\u00e9fense pour faire face \u00e0 de graves dangers.<\/p>\n<div class=\"row\">\n<div class=\"col-sm-6\">\n<p><strong><span class=\"blue\">Distance et temps<\/span><\/strong><\/p>\n<p>Les mouvements simples sont courts et par cons\u00e9quents peu fatiguant. Il existe deux bonnes raisons aux mouvements simples : ils permettent de conserver un maximum de fra\u00eecheur physique pendant un combat. Un mouvement simple est court, la distance \u00e9tant moins longue, il est automatiquement plus rapide.<\/p>\n<\/div>\n<div class=\"col-sm-6\"><\/div>\n<\/div>\n<p><strong><span class=\"blue\">Une discipline sportive<\/span><\/strong><\/p>\n<p>Malgr\u00e9 l&rsquo;absence de limitations en Krav-Maga, on va bien s\u00fbr observer des r\u00e8gles de s\u00e9curit\u00e9 pour que le pratiquant puisse pratiquer sans danger et atteindre un niveau \u00e9lev\u00e9, tout en t\u00e2chant de faire en sorte qu&rsquo;aucun mouvement, aucune attaque, ne nous soient \u00e9trangers.<\/p>\n<p>En Krav-Maga La recherche de l\u2019efficacit\u00e9 prend le pas sur l\u2019esth\u00e9tisme. Dans l\u2019enseignement nous t\u00e2chons de former des bons pratiquants qui n\u2019utiliseront leurs connaissances dans l\u2019art de la self-defense qu\u2019en cas de n\u00e9cessit\u00e9 absolue. Les cours sont dispens\u00e9s dans une tenue sportive propre au Krav Maga et avec des protections, de mani\u00e8re \u00e0 prot\u00e9ger les pratiquants, en respectant les r\u00e8gles \u00e9l\u00e9mentaires de s\u00e9curit\u00e9.<\/p>\n<p><em>A la FEKM, chaque grade est valid\u00e9 apr\u00e8s un temps de pratique requis et <\/em>apr\u00e8s un examen r\u00e9el et exigeant.<\/p>\n<p><strong><span class=\"blue\">La notion de l\u00e9gitime d\u00e9fense:<\/span><\/strong><\/p>\n<p>Pour que la d\u00e9fense soit l\u00e9gitime, elle doit r\u00e9pondre aux trois points suivants :<\/p>\n<p><strong>Une riposte n\u00e9cessaire :<\/strong> Si aucune autre alternative n\u2019est possible (la fuite par exemple);<\/p>\n<p><strong>Correspondre \u00e0 une n\u00e9cessit\u00e9 imp\u00e9rieuse :<\/strong> (que la victime n&rsquo;ait pas le temps de recourir \u00e0 la Police par exemple);<\/p>\n<p><strong>Etre proportionn\u00e9e \u00e0 l&rsquo;attaque : <\/strong>On r\u00e9pondra de mani\u00e8re violente que pour se d\u00e9fendre imm\u00e9diatement. Il n&rsquo;y a pas de l\u00e9gitime d\u00e9fense lorsque la riposte a lieu alors que l&rsquo;agresseur part ou que la violence vise \u00e0 pr\u00e9venir une agression future ou incertaine. Le Krav-Maga \u00e9tant une self-d\u00e9fense, il s&rsquo;inscrit dans ce cadre l\u00e9gal. De fait, l&rsquo;instructeur doit \u00eatre inform\u00e9 et en informer ses \u00e9l\u00e8ves.<\/p>\n<p>En France, les textes de r\u00e9f\u00e9rences sont les articles 122-5 \u00e0 122-6 du Code P\u00e9nal.<\/p>\n<h4>LE\u00a0KRAV MAGA EN EUROPE DEPUIS\u00a01987<\/h4>\n<p>En 1987, Richard DOUIEB est le pionnier du Krav Maga et a ouvert la 1\u00e8re \u00e9cole en France et en Europe \u00e0 la demande d\u2019Imi Lichtenfeld.<\/p>\n<p>Face \u00e0 un succ\u00e8s rapide, une volont\u00e9 d\u2019expansion structur\u00e9e et soucieux de pr\u00e9server les principes du Krav Maga, Richard DOUIEB d\u00e9cide de cr\u00e9er la FEKM (F\u00e9d\u00e9ration Europ\u00e9enne de Krav Maga) en 1997.\u00a0Le Krav Maga sera rapidement adopt\u00e9 par des groupes d\u2019interventions prestigieux tel le GIGN, et, depuis quelques ann\u00e9es le RAID.<\/p>\n<p>Le Krav Maga FEKM a depuis pris sa place dans le paysage sportif Fran\u00e7ais et chaque ann\u00e9e de nombreuses personnes tentent l\u2019exp\u00e9rience et choisissent la FEKM pour le gage de qualit\u00e9 qu\u2019elle repr\u00e9sente.<\/p>\n<p>Aujourd\u2019hui pr\u00e9sid\u00e9e par Steve Schmitt, la FEKM est la plus grande f\u00e9d\u00e9ration de Krav Maga au monde.\u00a0\u00c0 ce jour, la FEKM est la f\u00e9d\u00e9ration la mieux structur\u00e9e, qui comprend le plus grand nombre de licenci\u00e9s.<\/p>\n<p><em>_______________________________\u00a0<\/em><\/p>\n<div class=\"row\">\n<div class=\"container\">\n<div class=\"region region-content\">\n<div id=\"block-system-main\" class=\"block block-system\">\n<div class=\"clear\" style=\"text-align: left;\"><em>Article extrait du\u00a0<a href=\"https:\/\/www.krav-maga.net\/fr\" target=\"_blank\" rel=\"noopener noreferrer\">site de la FEKM<\/a><\/em><\/div>\n<\/div>\n<\/div>\n<\/div>\n<div id=\"footer\"><\/div>\n<\/div>\n<\/div>\n<\/div>\n<\/div>\n<\/div>\n<\/div>\n<\/div>\n<\/div>\n<\/div>\n<\/div>\n<\/div>\n<\/div>\n","protected":false},"excerpt":{"rendered":"<p>Le Krav Maga est simple et efficace : Il a \u00e9t\u00e9 adopt\u00e9 par toutes les forces arm\u00e9es Isra\u00e9liennes, certaines unit\u00e9s de police am\u00e9ricaine, agents du F.B.I. gendarmes du G.I.G.N et le RAID. Le Krav-Maga qui signifie en h\u00e9breu \u00a0\u00bb Combat Rapproch\u00e9 \u00a0\u00bb comporte deux parties La self &#8211; d\u00e9fense en est la charpente et renferme [&hellip;]<\/p>\n","protected":false},"author":1,"featured_media":0,"parent":0,"menu_order":0,"comment_status":"closed","ping_status":"closed","template":"","meta":{"_exactmetrics_skip_tracking":false,"_exactmetrics_sitenote_active":false,"_exactmetrics_sitenote_note":"","_exactmetrics_sitenote_category":0,"footnotes":""},"class_list":["post-233","page","type-page","status-publish","hentry"],"yoast_head":"<!-- This site is optimized with the Yoast SEO plugin v27.4 - https:\/\/yoast.com\/product\/yoast-seo-wordpress\/ -->\n<title>Le Krav Maga - Krav Maga Caen<\/title>\n<meta name=\"robots\" content=\"index, follow, max-snippet:-1, max-image-preview:large, max-video-preview:-1\" \/>\n<link rel=\"canonical\" href=\"https:\/\/kravmagacaen.com\/index.php\/le-krav-maga\/\" \/>\n<meta property=\"og:locale\" content=\"fr_FR\" \/>\n<meta property=\"og:type\" content=\"article\" \/>\n<meta property=\"og:title\" content=\"Le Krav Maga - Krav Maga Caen\" \/>\n<meta property=\"og:description\" content=\"Le Krav Maga est simple et efficace : Il a \u00e9t\u00e9 adopt\u00e9 par toutes les forces arm\u00e9es Isra\u00e9liennes, certaines unit\u00e9s de police am\u00e9ricaine, agents du F.B.I. gendarmes du G.I.G.N et le RAID. Le Krav-Maga qui signifie en h\u00e9breu \u00a0\u00bb Combat Rapproch\u00e9 \u00a0\u00bb comporte deux parties La self &#8211; d\u00e9fense en est la charpente et renferme [&hellip;]\" \/>\n<meta property=\"og:url\" content=\"https:\/\/kravmagacaen.com\/index.php\/le-krav-maga\/\" \/>\n<meta property=\"og:site_name\" content=\"Krav Maga Caen\" \/>\n<meta property=\"article:publisher\" content=\"https:\/\/www.facebook.com\/groups\/1646556705578289\/\" \/>\n<meta property=\"article:modified_time\" content=\"2021-09-02T09:09:58+00:00\" \/>\n<meta property=\"og:image\" content=\"http:\/\/kravmagacaen.com\/wp-content\/uploads\/2017\/06\/richard_fekm.jpg\" \/>\n<meta name=\"twitter:card\" content=\"summary_large_image\" \/>\n<meta name=\"twitter:label1\" content=\"Dur\u00e9e de lecture estim\u00e9e\" \/>\n\t<meta name=\"twitter:data1\" content=\"4 minutes\" \/>\n<script type=\"application\/ld+json\" class=\"yoast-schema-graph\">{\"@context\":\"https:\\\/\\\/schema.org\",\"@graph\":[{\"@type\":\"WebPage\",\"@id\":\"https:\\\/\\\/kravmagacaen.com\\\/index.php\\\/le-krav-maga\\\/\",\"url\":\"https:\\\/\\\/kravmagacaen.com\\\/index.php\\\/le-krav-maga\\\/\",\"name\":\"Le Krav Maga - Krav Maga Caen\",\"isPartOf\":{\"@id\":\"https:\\\/\\\/kravmagacaen.com\\\/#website\"},\"primaryImageOfPage\":{\"@id\":\"https:\\\/\\\/kravmagacaen.com\\\/index.php\\\/le-krav-maga\\\/#primaryimage\"},\"image\":{\"@id\":\"https:\\\/\\\/kravmagacaen.com\\\/index.php\\\/le-krav-maga\\\/#primaryimage\"},\"thumbnailUrl\":\"http:\\\/\\\/kravmagacaen.com\\\/wp-content\\\/uploads\\\/2017\\\/06\\\/richard_fekm.jpg\",\"datePublished\":\"2017-07-03T15:03:05+00:00\",\"dateModified\":\"2021-09-02T09:09:58+00:00\",\"breadcrumb\":{\"@id\":\"https:\\\/\\\/kravmagacaen.com\\\/index.php\\\/le-krav-maga\\\/#breadcrumb\"},\"inLanguage\":\"fr-FR\",\"potentialAction\":[{\"@type\":\"ReadAction\",\"target\":[\"https:\\\/\\\/kravmagacaen.com\\\/index.php\\\/le-krav-maga\\\/\"]}]},{\"@type\":\"ImageObject\",\"inLanguage\":\"fr-FR\",\"@id\":\"https:\\\/\\\/kravmagacaen.com\\\/index.php\\\/le-krav-maga\\\/#primaryimage\",\"url\":\"http:\\\/\\\/kravmagacaen.com\\\/wp-content\\\/uploads\\\/2017\\\/06\\\/richard_fekm.jpg\",\"contentUrl\":\"http:\\\/\\\/kravmagacaen.com\\\/wp-content\\\/uploads\\\/2017\\\/06\\\/richard_fekm.jpg\"},{\"@type\":\"BreadcrumbList\",\"@id\":\"https:\\\/\\\/kravmagacaen.com\\\/index.php\\\/le-krav-maga\\\/#breadcrumb\",\"itemListElement\":[{\"@type\":\"ListItem\",\"position\":1,\"name\":\"Accueil\",\"item\":\"https:\\\/\\\/kravmagacaen.com\\\/\"},{\"@type\":\"ListItem\",\"position\":2,\"name\":\"Le Krav Maga\"}]},{\"@type\":\"WebSite\",\"@id\":\"https:\\\/\\\/kravmagacaen.com\\\/#website\",\"url\":\"https:\\\/\\\/kravmagacaen.com\\\/\",\"name\":\"Krav Maga Caen\",\"description\":\"Club affili\u00e9 \u00e0 la FEKM\",\"publisher\":{\"@id\":\"https:\\\/\\\/kravmagacaen.com\\\/#organization\"},\"potentialAction\":[{\"@type\":\"SearchAction\",\"target\":{\"@type\":\"EntryPoint\",\"urlTemplate\":\"https:\\\/\\\/kravmagacaen.com\\\/?s={search_term_string}\"},\"query-input\":{\"@type\":\"PropertyValueSpecification\",\"valueRequired\":true,\"valueName\":\"search_term_string\"}}],\"inLanguage\":\"fr-FR\"},{\"@type\":\"Organization\",\"@id\":\"https:\\\/\\\/kravmagacaen.com\\\/#organization\",\"name\":\"Krav Maga Caen USCC\",\"url\":\"https:\\\/\\\/kravmagacaen.com\\\/\",\"logo\":{\"@type\":\"ImageObject\",\"inLanguage\":\"fr-FR\",\"@id\":\"https:\\\/\\\/kravmagacaen.com\\\/#\\\/schema\\\/logo\\\/image\\\/\",\"url\":\"https:\\\/\\\/kravmagacaen.com\\\/wp-content\\\/uploads\\\/2017\\\/08\\\/poing_baptiste.jpg\",\"contentUrl\":\"https:\\\/\\\/kravmagacaen.com\\\/wp-content\\\/uploads\\\/2017\\\/08\\\/poing_baptiste.jpg\",\"width\":640,\"height\":852,\"caption\":\"Krav Maga Caen USCC\"},\"image\":{\"@id\":\"https:\\\/\\\/kravmagacaen.com\\\/#\\\/schema\\\/logo\\\/image\\\/\"},\"sameAs\":[\"https:\\\/\\\/www.facebook.com\\\/groups\\\/1646556705578289\\\/\"]}]}<\/script>\n<!-- \/ Yoast SEO plugin. -->","yoast_head_json":{"title":"Le Krav Maga - Krav Maga Caen","robots":{"index":"index","follow":"follow","max-snippet":"max-snippet:-1","max-image-preview":"max-image-preview:large","max-video-preview":"max-video-preview:-1"},"canonical":"https:\/\/kravmagacaen.com\/index.php\/le-krav-maga\/","og_locale":"fr_FR","og_type":"article","og_title":"Le Krav Maga - Krav Maga Caen","og_description":"Le Krav Maga est simple et efficace : Il a \u00e9t\u00e9 adopt\u00e9 par toutes les forces arm\u00e9es Isra\u00e9liennes, certaines unit\u00e9s de police am\u00e9ricaine, agents du F.B.I. gendarmes du G.I.G.N et le RAID. Le Krav-Maga qui signifie en h\u00e9breu \u00a0\u00bb Combat Rapproch\u00e9 \u00a0\u00bb comporte deux parties La self &#8211; d\u00e9fense en est la charpente et renferme [&hellip;]","og_url":"https:\/\/kravmagacaen.com\/index.php\/le-krav-maga\/","og_site_name":"Krav Maga Caen","article_publisher":"https:\/\/www.facebook.com\/groups\/1646556705578289\/","article_modified_time":"2021-09-02T09:09:58+00:00","og_image":[{"url":"http:\/\/kravmagacaen.com\/wp-content\/uploads\/2017\/06\/richard_fekm.jpg","type":"","width":"","height":""}],"twitter_card":"summary_large_image","twitter_misc":{"Dur\u00e9e de lecture estim\u00e9e":"4 minutes"},"schema":{"@context":"https:\/\/schema.org","@graph":[{"@type":"WebPage","@id":"https:\/\/kravmagacaen.com\/index.php\/le-krav-maga\/","url":"https:\/\/kravmagacaen.com\/index.php\/le-krav-maga\/","name":"Le Krav Maga - Krav Maga Caen","isPartOf":{"@id":"https:\/\/kravmagacaen.com\/#website"},"primaryImageOfPage":{"@id":"https:\/\/kravmagacaen.com\/index.php\/le-krav-maga\/#primaryimage"},"image":{"@id":"https:\/\/kravmagacaen.com\/index.php\/le-krav-maga\/#primaryimage"},"thumbnailUrl":"http:\/\/kravmagacaen.com\/wp-content\/uploads\/2017\/06\/richard_fekm.jpg","datePublished":"2017-07-03T15:03:05+00:00","dateModified":"2021-09-02T09:09:58+00:00","breadcrumb":{"@id":"https:\/\/kravmagacaen.com\/index.php\/le-krav-maga\/#breadcrumb"},"inLanguage":"fr-FR","potentialAction":[{"@type":"ReadAction","target":["https:\/\/kravmagacaen.com\/index.php\/le-krav-maga\/"]}]},{"@type":"ImageObject","inLanguage":"fr-FR","@id":"https:\/\/kravmagacaen.com\/index.php\/le-krav-maga\/#primaryimage","url":"http:\/\/kravmagacaen.com\/wp-content\/uploads\/2017\/06\/richard_fekm.jpg","contentUrl":"http:\/\/kravmagacaen.com\/wp-content\/uploads\/2017\/06\/richard_fekm.jpg"},{"@type":"BreadcrumbList","@id":"https:\/\/kravmagacaen.com\/index.php\/le-krav-maga\/#breadcrumb","itemListElement":[{"@type":"ListItem","position":1,"name":"Accueil","item":"https:\/\/kravmagacaen.com\/"},{"@type":"ListItem","position":2,"name":"Le Krav Maga"}]},{"@type":"WebSite","@id":"https:\/\/kravmagacaen.com\/#website","url":"https:\/\/kravmagacaen.com\/","name":"Krav Maga Caen","description":"Club affili\u00e9 \u00e0 la FEKM","publisher":{"@id":"https:\/\/kravmagacaen.com\/#organization"},"potentialAction":[{"@type":"SearchAction","target":{"@type":"EntryPoint","urlTemplate":"https:\/\/kravmagacaen.com\/?s={search_term_string}"},"query-input":{"@type":"PropertyValueSpecification","valueRequired":true,"valueName":"search_term_string"}}],"inLanguage":"fr-FR"},{"@type":"Organization","@id":"https:\/\/kravmagacaen.com\/#organization","name":"Krav Maga Caen USCC","url":"https:\/\/kravmagacaen.com\/","logo":{"@type":"ImageObject","inLanguage":"fr-FR","@id":"https:\/\/kravmagacaen.com\/#\/schema\/logo\/image\/","url":"https:\/\/kravmagacaen.com\/wp-content\/uploads\/2017\/08\/poing_baptiste.jpg","contentUrl":"https:\/\/kravmagacaen.com\/wp-content\/uploads\/2017\/08\/poing_baptiste.jpg","width":640,"height":852,"caption":"Krav Maga Caen USCC"},"image":{"@id":"https:\/\/kravmagacaen.com\/#\/schema\/logo\/image\/"},"sameAs":["https:\/\/www.facebook.com\/groups\/1646556705578289\/"]}]}},"_links":{"self":[{"href":"https:\/\/kravmagacaen.com\/index.php\/wp-json\/wp\/v2\/pages\/233","targetHints":{"allow":["GET"]}}],"collection":[{"href":"https:\/\/kravmagacaen.com\/index.php\/wp-json\/wp\/v2\/pages"}],"about":[{"href":"https:\/\/kravmagacaen.com\/index.php\/wp-json\/wp\/v2\/types\/page"}],"author":[{"embeddable":true,"href":"https:\/\/kravmagacaen.com\/index.php\/wp-json\/wp\/v2\/users\/1"}],"replies":[{"embeddable":true,"href":"https:\/\/kravmagacaen.com\/index.php\/wp-json\/wp\/v2\/comments?post=233"}],"version-history":[{"count":4,"href":"https:\/\/kravmagacaen.com\/index.php\/wp-json\/wp\/v2\/pages\/233\/revisions"}],"predecessor-version":[{"id":2054,"href":"https:\/\/kravmagacaen.com\/index.php\/wp-json\/wp\/v2\/pages\/233\/revisions\/2054"}],"wp:attachment":[{"href":"https:\/\/kravmagacaen.com\/index.php\/wp-json\/wp\/v2\/media?parent=233"}],"curies":[{"name":"wp","href":"https:\/\/api.w.org\/{rel}","templated":true}]}}