{"id":27,"date":"2017-06-27T10:18:58","date_gmt":"2017-06-27T08:18:58","guid":{"rendered":"http:\/\/kravmagacaen.com\/?page_id=27"},"modified":"2026-02-12T13:11:29","modified_gmt":"2026-02-12T12:11:29","slug":"tarifs-et-horaires","status":"publish","type":"page","link":"https:\/\/kravmagacaen.com\/index.php\/tarifs-et-horaires\/","title":{"rendered":"Cours \/ Inscription"},"content":{"rendered":"\n<h2 class=\"wp-block-heading has-text-align-center has-black-color has-text-color has-link-color wp-elements-81d1af69d1bc55ce8ca3ede3372cbb7c\"><strong>Horaires, lieu, tarif, mat\u00e9riel<\/strong><\/h2>\n\n\n\n<p class=\"has-text-align-center has-black-color has-text-color has-link-color has-medium-font-size wp-elements-b301fe8d8b196d9d74b6866c12afd3f4\"><strong>Tous les cours sont multi-niveaux<\/strong><\/p>\n\n\n\n<p class=\"has-text-align-center has-text-color\" style=\"color:#a95050;font-size:20px\"><strong>Les horaires sont variables pendant les vacances scolaires<\/strong><strong style=\"font-size: 25px;\">:<\/strong><\/p>\n\n\n\n<p class=\"has-text-align-center has-text-color\" style=\"color:#a95050;font-size:20px\">Cours uniquement les mardis pendant les vacances scolaires de f\u00e9vrier<strong style=\"font-size: 25px;\"><span style=\"color: #800000;\"><\/span><\/strong><\/p>\n\n\n\n<h2 class=\"wp-block-heading has-text-align-center\"><strong>__________<\/strong><\/h2>\n\n\n\n<p class=\"has-text-align-center has-medium-font-size\"><strong style=\"font-size: 25px;\"><span style=\"color: #800000;\"> Lundi :<\/span><br>18h45 &#8211; 20h15<\/strong><br><strong>__________<\/strong><\/p>\n\n\n\n<h4 class=\"wp-block-heading has-text-align-center has-black-color has-text-color has-link-color wp-elements-47cb73b7c26e8592732cf9ed9949a97d\">Dojo du complexe sportif d&rsquo;\u00c9pron<\/h4>\n\n\n\n<p class=\"has-text-align-center has-black-color has-text-color has-link-color wp-elements-5596615d867a7187f27f9b60f4c7bd27\">31 Rue \u00c9ole,  14610 \u00c9pron <\/p>\n\n\n\n<p class=\"has-text-align-center has-luminous-vivid-orange-color has-text-color\"><strong>Suivre la direction \u00e9glise \/ m\u00e9diath\u00e8que<\/strong><\/p>\n\n\n\n<div style=\"text-align: center;\"><iframe src=\"https:\/\/www.google.com\/maps\/embed?pb=!1m18!1m12!1m3!1d2605.9629054410975!2d-0.3767502485606618!3d49.22023057922315!2m3!1f0!2f0!3f0!3m2!1i1024!2i768!4f13.1!3m3!1m2!1s0x480a5d498b7f7f83%3A0x26c2e2d17e6f74fa!2sKrav%20Maga%20Caen!5e0!3m2!1sfr!2sfr!4v1681294749129!5m2!1sfr!2sfr\" width=\"600\" height=\"450\" style=\"border:0;\" allowfullscreen=\"\" loading=\"lazy\" referrerpolicy=\"no-referrer-when-downgrade\"><\/iframe><\/div>\n\n\n\n<h2 class=\"wp-block-heading has-text-align-center\"><strong>__________<\/strong><\/h2>\n\n\n\n<p class=\"has-text-align-center has-black-color has-text-color has-link-color has-medium-font-size wp-elements-39e34ff10a1050093a8eae5cf71ccb7c\"><strong style=\"font-size: 25px;\"><span style=\"color: #800000;\"> Mardi &amp; Jeudi :<\/span><br>18h45 &#8211; 20h15<\/strong><br><strong>__________<\/strong><\/p>\n\n\n\n<h4 class=\"wp-block-heading has-text-align-center\"><a href=\"http:\/\/www.jlhcrossfit.fr\/\" target=\"_blank\" rel=\"noreferrer noopener\">JLH CROSSFIT IFS<\/a><\/h4>\n\n\n\n<p class=\"has-text-align-center has-black-color has-text-color has-link-color wp-elements-fb5902e8b208bb3cf6956e0ddcdef230\">549 Rue de Rocquancourt<br>14123 Ifs <\/p>\n\n\n\n<div style=\"text-align: center;\"><iframe src=\"https:\/\/www.google.com\/maps\/embed?pb=!1m18!1m12!1m3!1d2609.940075215997!2d-0.34406858783362504!3d49.14476217125301!2m3!1f0!2f0!3f0!3m2!1i1024!2i768!4f13.1!3m3!1m2!1s0x480a69ed3e141c97%3A0xd9618cf70b3c3587!2sJLH%20CrossFit%20IFS!5e0!3m2!1sfr!2sfr!4v1689936573584!5m2!1sfr!2sfr\" width=\"600\" height=\"450\" style=\"border:0;\" allowfullscreen=\"\" loading=\"lazy\" referrerpolicy=\"no-referrer-when-downgrade\"><\/iframe>\n\n\n\n<h2 class=\"wp-block-heading has-text-align-center\"><strong>__________<\/strong><\/h2>\n\n\n\n<h4 class=\"wp-block-heading has-text-align-center has-black-color has-text-color has-link-color wp-elements-e13b719e51dcd5d25fbe1d6f293a9b60\"><strong>Tarifs&nbsp;pour la saison 2025\/2026 :<\/strong><\/h4>\n\n\n\n<p class=\"has-text-align-center has-black-color has-text-color has-link-color wp-elements-b34ed1004c515480584367661c8d5612\"><strong>Cours d&rsquo;essai <mark style=\"background-color:rgba(0, 0, 0, 0)\" class=\"has-inline-color has-luminous-vivid-orange-color\">(5\u20ac)<\/mark> avec certificat m\u00e9dical sportif (obligatoire)<\/strong>, r\u00e9servation conseill\u00e9e<br>(mat\u00e9riel n\u00e9cessaire: voir en bas de page)<br><br>La licence et l&rsquo;assurance f\u00e9d\u00e9rale 2024-25 : <strong>33 \u20ac<\/strong><br>Cotisation club annuelle : <strong><s>150\u20ac<\/s> 100\u20ac \u00e0 partir du 2 janvier 2026<\/strong> (licence\/assurance FEKM non-comprises)<br><em>Le tarif comprend :<\/em><br><em>Un acc\u00e8s aux 3 cours de la semaine<br>Le passeport f\u00e9d\u00e9ral (FEKM) <\/em><\/p>\n\n\n\n<p class=\"has-text-align-center\">__________<\/p>\n\n\n\n<h4 class=\"wp-block-heading has-text-align-center\"><strong>Pour vous inscrire :<\/strong><\/h4>\n\n\n\n<p class=\"has-text-align-center has-black-color has-text-color has-link-color wp-elements-b828dac7ca3567deb1e1e7cbbdf16f96\">Inscription ouverte \u00e0 tous, <strong>\u00e0 partir de 16 ans<\/strong><br>Fiche d&rsquo;inscription Krav Maga Caen <strong>\u00ab\u00a0<a href=\"https:\/\/kravmagacaen.com\/wp-content\/uploads\/2026\/01\/Inscription-KMC-2025_2026-janv2026.pdf\" target=\"_blank\" rel=\"noreferrer noopener\">T\u00e9l\u00e9charger ici<\/a> \u00ab\u00a0<\/strong><br>La cotisation&nbsp;(R\u00e8glement par 1 ou 2 ch\u00e8que(s) \u00e0 l&rsquo;ordre de \u00ab\u00a0Krav Maga Caen\u00a0\u00bb, ou esp\u00e8ces) <br>La licence et l&rsquo;assurance 2025-26 de 33\u20ac <strong>\u00e0 payer obligatoirement sur le site <a aria-label=\" (s\u2019ouvre dans un nouvel onglet)\" href=\"https:\/\/www.krav-maga.net\/connexion\/\" target=\"_blank\" rel=\"noreferrer noopener\">www.krav-maga.net<\/a> \u00e0 partir du 1 ao\u00fbt 2025<\/strong> , Club&nbsp;: \u00ab&nbsp;<strong><mark style=\"background-color:rgba(0, 0, 0, 0)\" class=\"has-inline-color has-vivid-red-color\">14610 \u2013 KRAV-MAGA CAEN<\/mark><\/strong>&nbsp;\u00bb<br>Certificat m\u00e9dical portant la mention \u00ab\u00a0Apte \u00e0 la pratique du Krav Maga\u00a0\u00bb, ou&nbsp; \u00ab\u00a0Apte \u00e0 la pratique des Sports de Contact et d&rsquo;Opposition\u00a0\u00bb<\/p>\n\n\n\n<p class=\"has-text-align-center has-black-color has-text-color has-link-color wp-elements-19aad2acac59b911d4a16c21758ea202\"><strong>Remettez-nous votre dossier d&rsquo;inscription <mark style=\"background-color:rgba(0, 0, 0, 0)\" class=\"has-inline-color has-luminous-vivid-orange-color\">COMPLET<\/mark>, aux heures de cours, dans une enveloppe (avec votre nom sur l&rsquo;enveloppe) ou pochette plastique (avec la fiche d&rsquo;inscription en t\u00eate)<\/strong><\/p>\n\n\n\n<p class=\"has-text-align-center\">__________<\/p>\n\n\n\n<h4 class=\"wp-block-heading has-text-align-center has-black-color has-text-color has-link-color wp-elements-ecfe3ae72451825b4af4399b4deeda8e\"><strong>Tenue et mat\u00e9riel:<\/strong><\/h4>\n\n\n\n<p class=\"has-text-align-center has-black-color has-text-color has-link-color wp-elements-bdf37e12fb2f345e2c08ca9af2129c8e\"><strong>Les cours se d\u00e9roulent dans un dojo nus pieds (ou chaussettes)<\/strong><\/p>\n\n\n\n<h6 class=\"wp-block-heading has-text-align-center has-black-color has-text-color has-link-color wp-elements-6eb83c7d323980e06d8cbf1be69cb81f\"><strong><strong>Pour la pratique du Krav Maga, vous aurez besoin de :<\/strong><\/strong><\/h6>\n\n\n\n<p class=\"has-text-align-center has-black-color has-text-color has-link-color wp-elements-626085831e6dd9894ec00eb078bf2691\">Coquille de protection<br>Gants de boxe, <strong>taille 12 oz minimum<\/strong> (selon le gabarit de l&rsquo;adh\u00e9rent)<br>Prot\u00e8ge-dents<br>Prot\u00e8ge-tibias<br>Pantalon de kimono noir<br>Tee-shirt blanc uni ou blanc avec le logo de notre f\u00e9d\u00e9ration<br>Une serviette<br>Une bouteille d&rsquo;eau !!<\/p>\n\n\n\n<h6 class=\"wp-block-heading has-text-align-center has-black-color has-text-color has-link-color wp-elements-0182b3fc95660e29e326fedcf3559f6e\"><strong>Pour les cours d&rsquo;essais, vous aurez besoin de :<\/strong><\/h6>\n\n\n\n<p class=\"has-text-align-center has-black-color has-text-color has-link-color wp-elements-c0690e4647f4dc720a073ed185262414\">Tenue de sport<br>Protections list\u00e9e ci-dessus (si vous avez, mais pas obligatoires)<br>Une serviette<br>Une bouteille d&rsquo;eau !!<\/p>\n","protected":false},"excerpt":{"rendered":"<p>Horaires, lieu, tarif, mat\u00e9riel Tous les cours sont multi-niveaux Les horaires sont variables pendant les vacances scolaires: Cours uniquement les mardis pendant les vacances scolaires de f\u00e9vrier __________ Lundi :18h45 &#8211; 20h15__________ Dojo du complexe sportif d&rsquo;\u00c9pron 31 Rue \u00c9ole, 14610 \u00c9pron Suivre la direction \u00e9glise \/ m\u00e9diath\u00e8que __________ Mardi &amp; Jeudi :18h45 &#8211; 20h15__________ [&hellip;]<\/p>\n","protected":false},"author":1,"featured_media":0,"parent":0,"menu_order":0,"comment_status":"closed","ping_status":"closed","template":"","meta":{"_exactmetrics_skip_tracking":false,"_exactmetrics_sitenote_active":false,"_exactmetrics_sitenote_note":"","_exactmetrics_sitenote_category":0,"footnotes":""},"class_list":["post-27","page","type-page","status-publish","hentry"],"yoast_head":"<!-- This site is optimized with the Yoast SEO plugin v27.3 - https:\/\/yoast.com\/product\/yoast-seo-wordpress\/ -->\n<title>Cours \/ Inscription - Krav Maga Caen<\/title>\n<meta name=\"robots\" content=\"index, follow, max-snippet:-1, max-image-preview:large, max-video-preview:-1\" \/>\n<link rel=\"canonical\" href=\"https:\/\/kravmagacaen.com\/index.php\/tarifs-et-horaires\/\" \/>\n<meta property=\"og:locale\" content=\"fr_FR\" \/>\n<meta property=\"og:type\" content=\"article\" \/>\n<meta property=\"og:title\" content=\"Cours \/ Inscription - Krav Maga Caen\" \/>\n<meta property=\"og:description\" content=\"Horaires, lieu, tarif, mat\u00e9riel Tous les cours sont multi-niveaux Les horaires sont variables pendant les vacances scolaires: Cours uniquement les mardis pendant les vacances scolaires de f\u00e9vrier __________ Lundi :18h45 &#8211; 20h15__________ Dojo du complexe sportif d&rsquo;\u00c9pron 31 Rue \u00c9ole, 14610 \u00c9pron Suivre la direction \u00e9glise \/ m\u00e9diath\u00e8que __________ Mardi &amp; Jeudi :18h45 &#8211; 20h15__________ [&hellip;]\" \/>\n<meta property=\"og:url\" content=\"https:\/\/kravmagacaen.com\/index.php\/tarifs-et-horaires\/\" \/>\n<meta property=\"og:site_name\" content=\"Krav Maga Caen\" \/>\n<meta property=\"article:publisher\" content=\"https:\/\/www.facebook.com\/groups\/1646556705578289\/\" \/>\n<meta property=\"article:modified_time\" content=\"2026-02-12T12:11:29+00:00\" \/>\n<meta name=\"twitter:card\" content=\"summary_large_image\" \/>\n<meta name=\"twitter:label1\" content=\"Dur\u00e9e de lecture estim\u00e9e\" \/>\n\t<meta name=\"twitter:data1\" content=\"2 minutes\" \/>\n<script type=\"application\/ld+json\" class=\"yoast-schema-graph\">{\"@context\":\"https:\\\/\\\/schema.org\",\"@graph\":[{\"@type\":\"WebPage\",\"@id\":\"https:\\\/\\\/kravmagacaen.com\\\/index.php\\\/tarifs-et-horaires\\\/\",\"url\":\"https:\\\/\\\/kravmagacaen.com\\\/index.php\\\/tarifs-et-horaires\\\/\",\"name\":\"Cours \\\/ Inscription - Krav Maga Caen\",\"isPartOf\":{\"@id\":\"https:\\\/\\\/kravmagacaen.com\\\/#website\"},\"datePublished\":\"2017-06-27T08:18:58+00:00\",\"dateModified\":\"2026-02-12T12:11:29+00:00\",\"breadcrumb\":{\"@id\":\"https:\\\/\\\/kravmagacaen.com\\\/index.php\\\/tarifs-et-horaires\\\/#breadcrumb\"},\"inLanguage\":\"fr-FR\",\"potentialAction\":[{\"@type\":\"ReadAction\",\"target\":[\"https:\\\/\\\/kravmagacaen.com\\\/index.php\\\/tarifs-et-horaires\\\/\"]}]},{\"@type\":\"BreadcrumbList\",\"@id\":\"https:\\\/\\\/kravmagacaen.com\\\/index.php\\\/tarifs-et-horaires\\\/#breadcrumb\",\"itemListElement\":[{\"@type\":\"ListItem\",\"position\":1,\"name\":\"Accueil\",\"item\":\"https:\\\/\\\/kravmagacaen.com\\\/\"},{\"@type\":\"ListItem\",\"position\":2,\"name\":\"Cours \\\/ Inscription\"}]},{\"@type\":\"WebSite\",\"@id\":\"https:\\\/\\\/kravmagacaen.com\\\/#website\",\"url\":\"https:\\\/\\\/kravmagacaen.com\\\/\",\"name\":\"Krav Maga Caen\",\"description\":\"Club affili\u00e9 \u00e0 la FEKM\",\"publisher\":{\"@id\":\"https:\\\/\\\/kravmagacaen.com\\\/#organization\"},\"potentialAction\":[{\"@type\":\"SearchAction\",\"target\":{\"@type\":\"EntryPoint\",\"urlTemplate\":\"https:\\\/\\\/kravmagacaen.com\\\/?s={search_term_string}\"},\"query-input\":{\"@type\":\"PropertyValueSpecification\",\"valueRequired\":true,\"valueName\":\"search_term_string\"}}],\"inLanguage\":\"fr-FR\"},{\"@type\":\"Organization\",\"@id\":\"https:\\\/\\\/kravmagacaen.com\\\/#organization\",\"name\":\"Krav Maga Caen USCC\",\"url\":\"https:\\\/\\\/kravmagacaen.com\\\/\",\"logo\":{\"@type\":\"ImageObject\",\"inLanguage\":\"fr-FR\",\"@id\":\"https:\\\/\\\/kravmagacaen.com\\\/#\\\/schema\\\/logo\\\/image\\\/\",\"url\":\"https:\\\/\\\/kravmagacaen.com\\\/wp-content\\\/uploads\\\/2017\\\/08\\\/poing_baptiste.jpg\",\"contentUrl\":\"https:\\\/\\\/kravmagacaen.com\\\/wp-content\\\/uploads\\\/2017\\\/08\\\/poing_baptiste.jpg\",\"width\":640,\"height\":852,\"caption\":\"Krav Maga Caen USCC\"},\"image\":{\"@id\":\"https:\\\/\\\/kravmagacaen.com\\\/#\\\/schema\\\/logo\\\/image\\\/\"},\"sameAs\":[\"https:\\\/\\\/www.facebook.com\\\/groups\\\/1646556705578289\\\/\"]}]}<\/script>\n<!-- \/ Yoast SEO plugin. -->","yoast_head_json":{"title":"Cours \/ Inscription - Krav Maga Caen","robots":{"index":"index","follow":"follow","max-snippet":"max-snippet:-1","max-image-preview":"max-image-preview:large","max-video-preview":"max-video-preview:-1"},"canonical":"https:\/\/kravmagacaen.com\/index.php\/tarifs-et-horaires\/","og_locale":"fr_FR","og_type":"article","og_title":"Cours \/ Inscription - Krav Maga Caen","og_description":"Horaires, lieu, tarif, mat\u00e9riel Tous les cours sont multi-niveaux Les horaires sont variables pendant les vacances scolaires: Cours uniquement les mardis pendant les vacances scolaires de f\u00e9vrier __________ Lundi :18h45 &#8211; 20h15__________ Dojo du complexe sportif d&rsquo;\u00c9pron 31 Rue \u00c9ole, 14610 \u00c9pron Suivre la direction \u00e9glise \/ m\u00e9diath\u00e8que __________ Mardi &amp; Jeudi :18h45 &#8211; 20h15__________ [&hellip;]","og_url":"https:\/\/kravmagacaen.com\/index.php\/tarifs-et-horaires\/","og_site_name":"Krav Maga Caen","article_publisher":"https:\/\/www.facebook.com\/groups\/1646556705578289\/","article_modified_time":"2026-02-12T12:11:29+00:00","twitter_card":"summary_large_image","twitter_misc":{"Dur\u00e9e de lecture estim\u00e9e":"2 minutes"},"schema":{"@context":"https:\/\/schema.org","@graph":[{"@type":"WebPage","@id":"https:\/\/kravmagacaen.com\/index.php\/tarifs-et-horaires\/","url":"https:\/\/kravmagacaen.com\/index.php\/tarifs-et-horaires\/","name":"Cours \/ Inscription - Krav Maga Caen","isPartOf":{"@id":"https:\/\/kravmagacaen.com\/#website"},"datePublished":"2017-06-27T08:18:58+00:00","dateModified":"2026-02-12T12:11:29+00:00","breadcrumb":{"@id":"https:\/\/kravmagacaen.com\/index.php\/tarifs-et-horaires\/#breadcrumb"},"inLanguage":"fr-FR","potentialAction":[{"@type":"ReadAction","target":["https:\/\/kravmagacaen.com\/index.php\/tarifs-et-horaires\/"]}]},{"@type":"BreadcrumbList","@id":"https:\/\/kravmagacaen.com\/index.php\/tarifs-et-horaires\/#breadcrumb","itemListElement":[{"@type":"ListItem","position":1,"name":"Accueil","item":"https:\/\/kravmagacaen.com\/"},{"@type":"ListItem","position":2,"name":"Cours \/ Inscription"}]},{"@type":"WebSite","@id":"https:\/\/kravmagacaen.com\/#website","url":"https:\/\/kravmagacaen.com\/","name":"Krav Maga Caen","description":"Club affili\u00e9 \u00e0 la FEKM","publisher":{"@id":"https:\/\/kravmagacaen.com\/#organization"},"potentialAction":[{"@type":"SearchAction","target":{"@type":"EntryPoint","urlTemplate":"https:\/\/kravmagacaen.com\/?s={search_term_string}"},"query-input":{"@type":"PropertyValueSpecification","valueRequired":true,"valueName":"search_term_string"}}],"inLanguage":"fr-FR"},{"@type":"Organization","@id":"https:\/\/kravmagacaen.com\/#organization","name":"Krav Maga Caen USCC","url":"https:\/\/kravmagacaen.com\/","logo":{"@type":"ImageObject","inLanguage":"fr-FR","@id":"https:\/\/kravmagacaen.com\/#\/schema\/logo\/image\/","url":"https:\/\/kravmagacaen.com\/wp-content\/uploads\/2017\/08\/poing_baptiste.jpg","contentUrl":"https:\/\/kravmagacaen.com\/wp-content\/uploads\/2017\/08\/poing_baptiste.jpg","width":640,"height":852,"caption":"Krav Maga Caen USCC"},"image":{"@id":"https:\/\/kravmagacaen.com\/#\/schema\/logo\/image\/"},"sameAs":["https:\/\/www.facebook.com\/groups\/1646556705578289\/"]}]}},"_links":{"self":[{"href":"https:\/\/kravmagacaen.com\/index.php\/wp-json\/wp\/v2\/pages\/27","targetHints":{"allow":["GET"]}}],"collection":[{"href":"https:\/\/kravmagacaen.com\/index.php\/wp-json\/wp\/v2\/pages"}],"about":[{"href":"https:\/\/kravmagacaen.com\/index.php\/wp-json\/wp\/v2\/types\/page"}],"author":[{"embeddable":true,"href":"https:\/\/kravmagacaen.com\/index.php\/wp-json\/wp\/v2\/users\/1"}],"replies":[{"embeddable":true,"href":"https:\/\/kravmagacaen.com\/index.php\/wp-json\/wp\/v2\/comments?post=27"}],"version-history":[{"count":238,"href":"https:\/\/kravmagacaen.com\/index.php\/wp-json\/wp\/v2\/pages\/27\/revisions"}],"predecessor-version":[{"id":3156,"href":"https:\/\/kravmagacaen.com\/index.php\/wp-json\/wp\/v2\/pages\/27\/revisions\/3156"}],"wp:attachment":[{"href":"https:\/\/kravmagacaen.com\/index.php\/wp-json\/wp\/v2\/media?parent=27"}],"curies":[{"name":"wp","href":"https:\/\/api.w.org\/{rel}","templated":true}]}}