{"id":7,"date":"2017-06-27T09:58:01","date_gmt":"2017-06-27T07:58:01","guid":{"rendered":"http:\/\/kravmagacaen.com\/?page_id=7"},"modified":"2026-03-04T06:50:41","modified_gmt":"2026-03-04T05:50:41","slug":"accueil","status":"publish","type":"page","link":"https:\/\/kravmagacaen.com\/","title":{"rendered":"Bienvenue !"},"content":{"rendered":"\n<h6 class=\"wp-block-heading has-text-align-center has-black-color has-text-color has-link-color wp-elements-157c248d1c366707988cf54f31dc9af6\">Bienvenue sur le site de <em>Krav Maga Caen <\/em>!<\/h6>\n\n\n\n<p class=\"has-text-align-center has-black-color has-text-color has-link-color wp-elements-fcd952e7f3ce4f14242e1f6d9b6efadc\">D\u00e9couvrez un club o\u00f9 l&rsquo;on pratique un Krav Maga authentique (FEKM) et accessible \u00e0 tous !<\/p>\n\n\n\n<p class=\"has-text-align-center has-black-color has-text-color has-link-color wp-elements-2363de157f30758e24cf760d35275582\"><strong>&#8212;&#8212;&#8212;&#8212;&#8212;&#8212;&#8212;-<\/strong><\/p>\n\n\n\n<figure class=\"wp-block-gallery has-nested-images columns-default is-cropped wp-block-gallery-1 is-layout-flex wp-block-gallery-is-layout-flex\">\n<figure class=\"wp-block-image size-large\"><img loading=\"lazy\" decoding=\"async\" width=\"724\" height=\"1024\" data-id=\"3035\" src=\"https:\/\/kravmagacaen.com\/wp-content\/uploads\/2025\/08\/affiche-rentree-2025-_-1-724x1024.jpg\" alt=\"\" class=\"wp-image-3035\" srcset=\"https:\/\/kravmagacaen.com\/wp-content\/uploads\/2025\/08\/affiche-rentree-2025-_-1-724x1024.jpg 724w, https:\/\/kravmagacaen.com\/wp-content\/uploads\/2025\/08\/affiche-rentree-2025-_-1-212x300.jpg 212w, https:\/\/kravmagacaen.com\/wp-content\/uploads\/2025\/08\/affiche-rentree-2025-_-1-768x1086.jpg 768w, https:\/\/kravmagacaen.com\/wp-content\/uploads\/2025\/08\/affiche-rentree-2025-_-1-1086x1536.jpg 1086w, https:\/\/kravmagacaen.com\/wp-content\/uploads\/2025\/08\/affiche-rentree-2025-_-1-1448x2048.jpg 1448w, https:\/\/kravmagacaen.com\/wp-content\/uploads\/2025\/08\/affiche-rentree-2025-_-1-1000x1415.jpg 1000w, https:\/\/kravmagacaen.com\/wp-content\/uploads\/2025\/08\/affiche-rentree-2025-_-1-230x325.jpg 230w, https:\/\/kravmagacaen.com\/wp-content\/uploads\/2025\/08\/affiche-rentree-2025-_-1-350x495.jpg 350w, https:\/\/kravmagacaen.com\/wp-content\/uploads\/2025\/08\/affiche-rentree-2025-_-1-480x679.jpg 480w, https:\/\/kravmagacaen.com\/wp-content\/uploads\/2025\/08\/affiche-rentree-2025-_-1-scaled.jpg 1810w\" sizes=\"auto, (max-width: 724px) 100vw, 724px\" \/><\/figure>\n\n\n\n<figure class=\"wp-block-image size-large\"><img loading=\"lazy\" decoding=\"async\" width=\"724\" height=\"1024\" data-id=\"3034\" src=\"https:\/\/kravmagacaen.com\/wp-content\/uploads\/2025\/08\/affiche-rentree-2025-_-2-724x1024.jpg\" alt=\"\" class=\"wp-image-3034\" srcset=\"https:\/\/kravmagacaen.com\/wp-content\/uploads\/2025\/08\/affiche-rentree-2025-_-2-724x1024.jpg 724w, https:\/\/kravmagacaen.com\/wp-content\/uploads\/2025\/08\/affiche-rentree-2025-_-2-212x300.jpg 212w, https:\/\/kravmagacaen.com\/wp-content\/uploads\/2025\/08\/affiche-rentree-2025-_-2-768x1086.jpg 768w, https:\/\/kravmagacaen.com\/wp-content\/uploads\/2025\/08\/affiche-rentree-2025-_-2-1086x1536.jpg 1086w, https:\/\/kravmagacaen.com\/wp-content\/uploads\/2025\/08\/affiche-rentree-2025-_-2-1448x2048.jpg 1448w, https:\/\/kravmagacaen.com\/wp-content\/uploads\/2025\/08\/affiche-rentree-2025-_-2-1000x1415.jpg 1000w, https:\/\/kravmagacaen.com\/wp-content\/uploads\/2025\/08\/affiche-rentree-2025-_-2-230x325.jpg 230w, https:\/\/kravmagacaen.com\/wp-content\/uploads\/2025\/08\/affiche-rentree-2025-_-2-350x495.jpg 350w, https:\/\/kravmagacaen.com\/wp-content\/uploads\/2025\/08\/affiche-rentree-2025-_-2-480x679.jpg 480w, https:\/\/kravmagacaen.com\/wp-content\/uploads\/2025\/08\/affiche-rentree-2025-_-2-scaled.jpg 1810w\" sizes=\"auto, (max-width: 724px) 100vw, 724px\" \/><\/figure>\n<\/figure>\n\n\n\n<h3 class=\"wp-block-heading has-text-align-center has-black-color has-text-color has-link-color wp-elements-721ea99812a0da1ac6c0a3240d83c467\">Tous les renseignements concernant les horaires, lieu, tarif, mat\u00e9riel sont dans la rubrique \u00a0\u00bb&nbsp;<a href=\"https:\/\/kravmagacaen.com\/index.php\/tarifs-et-horaires\/\">Cours<\/a> \u00ab\u00a0.<\/h3>\n\n\n\n<p class=\"has-text-align-center\"><strong>&#8212;&#8212;&#8212;&#8212;&#8212;&#8212;&#8212;-<\/strong><\/p>\n\n\n\n<ul class=\"wp-block-list\">\n<li>Pour d\u00e9couvrir le Krav Maga, voici notre livret f\u00e9d\u00e9ral pour d\u00e9butants.\n<ul class=\"wp-block-list\">\n<li> <a href=\"https:\/\/kravmagacaen.com\/wp-content\/uploads\/2023\/10\/GUIDE-DU-DEBUTANT-FEKM-2023-v2.pdf\" target=\"_blank\" rel=\"noreferrer noopener\">Guide Debutant Krav Maga<\/a>  <\/li>\n<\/ul>\n<\/li>\n<\/ul>\n\n\n\n<ul class=\"wp-block-list\">\n<li>Pour \u00eatre en forme, d\u00e9couverte ou perfectionnement de la pr\u00e9paration physique pour le Krav Maga.\n<ul class=\"wp-block-list\">\n<li><a href=\"https:\/\/kravmagacaen.com\/wp-content\/uploads\/2017\/06\/Guide-Pr\u00e9paration-Physique.pdf\" target=\"_blank\" rel=\"noreferrer noopener\">Guide Pr\u00e9paration Physique<\/a><\/li>\n<\/ul>\n<\/li>\n<\/ul>\n\n\n\n<p><strong>&#8212;&#8212;&#8212;&#8212;&#8212;&#8212;&#8212;-<\/strong><\/p>\n\n\n\n<h6 class=\"wp-block-heading\">Derni\u00e8res News: (cliquez sur le titre)<\/h6>\n\n\n\n<ul class=\"wp-block-list\">\n<li><a href=\"https:\/\/kravmagacaen.com\/index.php\/2025\/01\/30\/stage-technique-ceintures-orange-bleue-marron-samedi-8-fevrier-2025\/\">Samedi 8 f\u00e9vrier 2025 : Stage technique ,2\u00e8me partie<\/a><\/li>\n\n\n\n<li><a href=\"https:\/\/kravmagacaen.com\/index.php\/2025\/03\/16\/soiree-krav-maga-caen-24-mai-2025\/\">Samedi 24 mai 2025 : Soir\u00e9e Angie&rsquo;s Night<\/a><\/li>\n\n\n\n<li><a href=\"https:\/\/kravmagacaen.com\/index.php\/2025\/09\/28\/stage-du-samedi18-octobre\/\">Samedi 18 octobre 2025: Stage<\/a><\/li>\n\n\n\n<li><a href=\"https:\/\/kravmagacaen.com\/index.php\/2025\/09\/28\/soiree-angies-night-10eme-edition\/\">Samedi 6 d\u00e9cembre 2025 : Angie&rsquo;s Night 10\u00e8me \u00e9dition<\/a><\/li>\n\n\n\n<li><a href=\"https:\/\/kravmagacaen.com\/index.php\/2026\/01\/24\/stage-technique-ceintures-jaune-a-marron-_-samedi-31-janvier-et-7-mars-2026\/\" type=\"link\" id=\"https:\/\/kravmagacaen.com\/index.php\/2026\/01\/24\/stage-technique-ceintures-jaune-a-marron-_-samedi-31-janvier-et-7-mars-2026\/\">Samedi 31 janvier et 21 mars 2026 : Stage Technique ceintures jaune \u00e0 marron<\/a><\/li>\n<\/ul>\n\n\n\n<p><\/p>\n","protected":false},"excerpt":{"rendered":"<p>Bienvenue sur le site de Krav Maga Caen ! D\u00e9couvrez un club o\u00f9 l&rsquo;on pratique un Krav Maga authentique (FEKM) et accessible \u00e0 tous ! &#8212;&#8212;&#8212;&#8212;&#8212;&#8212;&#8212;- Tous les renseignements concernant les horaires, lieu, tarif, mat\u00e9riel sont dans la rubrique \u00a0\u00bb&nbsp;Cours \u00ab\u00a0. &#8212;&#8212;&#8212;&#8212;&#8212;&#8212;&#8212;- &#8212;&#8212;&#8212;&#8212;&#8212;&#8212;&#8212;- Derni\u00e8res News: (cliquez sur le titre)<\/p>\n","protected":false},"author":1,"featured_media":0,"parent":0,"menu_order":0,"comment_status":"closed","ping_status":"closed","template":"","meta":{"_exactmetrics_skip_tracking":false,"_exactmetrics_sitenote_active":false,"_exactmetrics_sitenote_note":"","_exactmetrics_sitenote_category":0,"footnotes":""},"class_list":["post-7","page","type-page","status-publish","hentry"],"yoast_head":"<!-- This site is optimized with the Yoast SEO plugin v27.5 - https:\/\/yoast.com\/product\/yoast-seo-wordpress\/ -->\n<title>Bienvenue ! - Krav Maga Caen<\/title>\n<meta name=\"robots\" content=\"index, follow, max-snippet:-1, max-image-preview:large, max-video-preview:-1\" \/>\n<link rel=\"canonical\" href=\"https:\/\/kravmagacaen.com\/\" \/>\n<meta property=\"og:locale\" content=\"fr_FR\" \/>\n<meta property=\"og:type\" content=\"article\" \/>\n<meta property=\"og:title\" content=\"Bienvenue ! - Krav Maga Caen\" \/>\n<meta property=\"og:description\" content=\"Bienvenue sur le site de Krav Maga Caen ! D\u00e9couvrez un club o\u00f9 l&rsquo;on pratique un Krav Maga authentique (FEKM) et accessible \u00e0 tous ! &#8212;&#8212;&#8212;&#8212;&#8212;&#8212;&#8212;- Tous les renseignements concernant les horaires, lieu, tarif, mat\u00e9riel sont dans la rubrique \u00a0\u00bb&nbsp;Cours \u00ab\u00a0. &#8212;&#8212;&#8212;&#8212;&#8212;&#8212;&#8212;- &#8212;&#8212;&#8212;&#8212;&#8212;&#8212;&#8212;- Derni\u00e8res News: (cliquez sur le titre)\" \/>\n<meta property=\"og:url\" content=\"https:\/\/kravmagacaen.com\/\" \/>\n<meta property=\"og:site_name\" content=\"Krav Maga Caen\" \/>\n<meta property=\"article:publisher\" content=\"https:\/\/www.facebook.com\/groups\/1646556705578289\/\" \/>\n<meta property=\"article:modified_time\" content=\"2026-03-04T05:50:41+00:00\" \/>\n<meta property=\"og:image\" content=\"https:\/\/kravmagacaen.com\/wp-content\/uploads\/2025\/08\/affiche-rentree-2025-_-1-scaled.jpg\" \/>\n\t<meta property=\"og:image:width\" content=\"1810\" \/>\n\t<meta property=\"og:image:height\" content=\"2560\" \/>\n\t<meta property=\"og:image:type\" content=\"image\/jpeg\" \/>\n<meta name=\"twitter:card\" content=\"summary_large_image\" \/>\n<meta name=\"twitter:label1\" content=\"Dur\u00e9e de lecture estim\u00e9e\" \/>\n\t<meta name=\"twitter:data1\" content=\"1 minute\" \/>\n<script type=\"application\/ld+json\" class=\"yoast-schema-graph\">{\"@context\":\"https:\\\/\\\/schema.org\",\"@graph\":[{\"@type\":\"WebPage\",\"@id\":\"https:\\\/\\\/kravmagacaen.com\\\/\",\"url\":\"https:\\\/\\\/kravmagacaen.com\\\/\",\"name\":\"Bienvenue ! - Krav Maga Caen\",\"isPartOf\":{\"@id\":\"https:\\\/\\\/kravmagacaen.com\\\/#website\"},\"primaryImageOfPage\":{\"@id\":\"https:\\\/\\\/kravmagacaen.com\\\/#primaryimage\"},\"image\":{\"@id\":\"https:\\\/\\\/kravmagacaen.com\\\/#primaryimage\"},\"thumbnailUrl\":\"https:\\\/\\\/kravmagacaen.com\\\/wp-content\\\/uploads\\\/2025\\\/08\\\/affiche-rentree-2025-_-1-724x1024.jpg\",\"datePublished\":\"2017-06-27T07:58:01+00:00\",\"dateModified\":\"2026-03-04T05:50:41+00:00\",\"breadcrumb\":{\"@id\":\"https:\\\/\\\/kravmagacaen.com\\\/#breadcrumb\"},\"inLanguage\":\"fr-FR\",\"potentialAction\":[{\"@type\":\"ReadAction\",\"target\":[\"https:\\\/\\\/kravmagacaen.com\\\/\"]}]},{\"@type\":\"ImageObject\",\"inLanguage\":\"fr-FR\",\"@id\":\"https:\\\/\\\/kravmagacaen.com\\\/#primaryimage\",\"url\":\"https:\\\/\\\/kravmagacaen.com\\\/wp-content\\\/uploads\\\/2025\\\/08\\\/affiche-rentree-2025-_-1-scaled.jpg\",\"contentUrl\":\"https:\\\/\\\/kravmagacaen.com\\\/wp-content\\\/uploads\\\/2025\\\/08\\\/affiche-rentree-2025-_-1-scaled.jpg\",\"width\":1810,\"height\":2560,\"caption\":\"Affiche rentr\u00e9e 2025-2026 _ version 1\"},{\"@type\":\"BreadcrumbList\",\"@id\":\"https:\\\/\\\/kravmagacaen.com\\\/#breadcrumb\",\"itemListElement\":[{\"@type\":\"ListItem\",\"position\":1,\"name\":\"Accueil\",\"item\":\"https:\\\/\\\/kravmagacaen.com\\\/\"},{\"@type\":\"ListItem\",\"position\":2,\"name\":\"Bienvenue !\"}]},{\"@type\":\"WebSite\",\"@id\":\"https:\\\/\\\/kravmagacaen.com\\\/#website\",\"url\":\"https:\\\/\\\/kravmagacaen.com\\\/\",\"name\":\"Krav Maga Caen\",\"description\":\"Club affili\u00e9 \u00e0 la FEKM\",\"publisher\":{\"@id\":\"https:\\\/\\\/kravmagacaen.com\\\/#organization\"},\"potentialAction\":[{\"@type\":\"SearchAction\",\"target\":{\"@type\":\"EntryPoint\",\"urlTemplate\":\"https:\\\/\\\/kravmagacaen.com\\\/?s={search_term_string}\"},\"query-input\":{\"@type\":\"PropertyValueSpecification\",\"valueRequired\":true,\"valueName\":\"search_term_string\"}}],\"inLanguage\":\"fr-FR\"},{\"@type\":\"Organization\",\"@id\":\"https:\\\/\\\/kravmagacaen.com\\\/#organization\",\"name\":\"Krav Maga Caen USCC\",\"url\":\"https:\\\/\\\/kravmagacaen.com\\\/\",\"logo\":{\"@type\":\"ImageObject\",\"inLanguage\":\"fr-FR\",\"@id\":\"https:\\\/\\\/kravmagacaen.com\\\/#\\\/schema\\\/logo\\\/image\\\/\",\"url\":\"https:\\\/\\\/kravmagacaen.com\\\/wp-content\\\/uploads\\\/2017\\\/08\\\/poing_baptiste.jpg\",\"contentUrl\":\"https:\\\/\\\/kravmagacaen.com\\\/wp-content\\\/uploads\\\/2017\\\/08\\\/poing_baptiste.jpg\",\"width\":640,\"height\":852,\"caption\":\"Krav Maga Caen USCC\"},\"image\":{\"@id\":\"https:\\\/\\\/kravmagacaen.com\\\/#\\\/schema\\\/logo\\\/image\\\/\"},\"sameAs\":[\"https:\\\/\\\/www.facebook.com\\\/groups\\\/1646556705578289\\\/\"]}]}<\/script>\n<!-- \/ Yoast SEO plugin. -->","yoast_head_json":{"title":"Bienvenue ! - Krav Maga Caen","robots":{"index":"index","follow":"follow","max-snippet":"max-snippet:-1","max-image-preview":"max-image-preview:large","max-video-preview":"max-video-preview:-1"},"canonical":"https:\/\/kravmagacaen.com\/","og_locale":"fr_FR","og_type":"article","og_title":"Bienvenue ! - Krav Maga Caen","og_description":"Bienvenue sur le site de Krav Maga Caen ! D\u00e9couvrez un club o\u00f9 l&rsquo;on pratique un Krav Maga authentique (FEKM) et accessible \u00e0 tous ! &#8212;&#8212;&#8212;&#8212;&#8212;&#8212;&#8212;- Tous les renseignements concernant les horaires, lieu, tarif, mat\u00e9riel sont dans la rubrique \u00a0\u00bb&nbsp;Cours \u00ab\u00a0. &#8212;&#8212;&#8212;&#8212;&#8212;&#8212;&#8212;- &#8212;&#8212;&#8212;&#8212;&#8212;&#8212;&#8212;- Derni\u00e8res News: (cliquez sur le titre)","og_url":"https:\/\/kravmagacaen.com\/","og_site_name":"Krav Maga Caen","article_publisher":"https:\/\/www.facebook.com\/groups\/1646556705578289\/","article_modified_time":"2026-03-04T05:50:41+00:00","og_image":[{"width":1810,"height":2560,"url":"https:\/\/kravmagacaen.com\/wp-content\/uploads\/2025\/08\/affiche-rentree-2025-_-1-scaled.jpg","type":"image\/jpeg"}],"twitter_card":"summary_large_image","twitter_misc":{"Dur\u00e9e de lecture estim\u00e9e":"1 minute"},"schema":{"@context":"https:\/\/schema.org","@graph":[{"@type":"WebPage","@id":"https:\/\/kravmagacaen.com\/","url":"https:\/\/kravmagacaen.com\/","name":"Bienvenue ! - Krav Maga Caen","isPartOf":{"@id":"https:\/\/kravmagacaen.com\/#website"},"primaryImageOfPage":{"@id":"https:\/\/kravmagacaen.com\/#primaryimage"},"image":{"@id":"https:\/\/kravmagacaen.com\/#primaryimage"},"thumbnailUrl":"https:\/\/kravmagacaen.com\/wp-content\/uploads\/2025\/08\/affiche-rentree-2025-_-1-724x1024.jpg","datePublished":"2017-06-27T07:58:01+00:00","dateModified":"2026-03-04T05:50:41+00:00","breadcrumb":{"@id":"https:\/\/kravmagacaen.com\/#breadcrumb"},"inLanguage":"fr-FR","potentialAction":[{"@type":"ReadAction","target":["https:\/\/kravmagacaen.com\/"]}]},{"@type":"ImageObject","inLanguage":"fr-FR","@id":"https:\/\/kravmagacaen.com\/#primaryimage","url":"https:\/\/kravmagacaen.com\/wp-content\/uploads\/2025\/08\/affiche-rentree-2025-_-1-scaled.jpg","contentUrl":"https:\/\/kravmagacaen.com\/wp-content\/uploads\/2025\/08\/affiche-rentree-2025-_-1-scaled.jpg","width":1810,"height":2560,"caption":"Affiche rentr\u00e9e 2025-2026 _ version 1"},{"@type":"BreadcrumbList","@id":"https:\/\/kravmagacaen.com\/#breadcrumb","itemListElement":[{"@type":"ListItem","position":1,"name":"Accueil","item":"https:\/\/kravmagacaen.com\/"},{"@type":"ListItem","position":2,"name":"Bienvenue !"}]},{"@type":"WebSite","@id":"https:\/\/kravmagacaen.com\/#website","url":"https:\/\/kravmagacaen.com\/","name":"Krav Maga Caen","description":"Club affili\u00e9 \u00e0 la FEKM","publisher":{"@id":"https:\/\/kravmagacaen.com\/#organization"},"potentialAction":[{"@type":"SearchAction","target":{"@type":"EntryPoint","urlTemplate":"https:\/\/kravmagacaen.com\/?s={search_term_string}"},"query-input":{"@type":"PropertyValueSpecification","valueRequired":true,"valueName":"search_term_string"}}],"inLanguage":"fr-FR"},{"@type":"Organization","@id":"https:\/\/kravmagacaen.com\/#organization","name":"Krav Maga Caen USCC","url":"https:\/\/kravmagacaen.com\/","logo":{"@type":"ImageObject","inLanguage":"fr-FR","@id":"https:\/\/kravmagacaen.com\/#\/schema\/logo\/image\/","url":"https:\/\/kravmagacaen.com\/wp-content\/uploads\/2017\/08\/poing_baptiste.jpg","contentUrl":"https:\/\/kravmagacaen.com\/wp-content\/uploads\/2017\/08\/poing_baptiste.jpg","width":640,"height":852,"caption":"Krav Maga Caen USCC"},"image":{"@id":"https:\/\/kravmagacaen.com\/#\/schema\/logo\/image\/"},"sameAs":["https:\/\/www.facebook.com\/groups\/1646556705578289\/"]}]}},"_links":{"self":[{"href":"https:\/\/kravmagacaen.com\/index.php\/wp-json\/wp\/v2\/pages\/7","targetHints":{"allow":["GET"]}}],"collection":[{"href":"https:\/\/kravmagacaen.com\/index.php\/wp-json\/wp\/v2\/pages"}],"about":[{"href":"https:\/\/kravmagacaen.com\/index.php\/wp-json\/wp\/v2\/types\/page"}],"author":[{"embeddable":true,"href":"https:\/\/kravmagacaen.com\/index.php\/wp-json\/wp\/v2\/users\/1"}],"replies":[{"embeddable":true,"href":"https:\/\/kravmagacaen.com\/index.php\/wp-json\/wp\/v2\/comments?post=7"}],"version-history":[{"count":176,"href":"https:\/\/kravmagacaen.com\/index.php\/wp-json\/wp\/v2\/pages\/7\/revisions"}],"predecessor-version":[{"id":3160,"href":"https:\/\/kravmagacaen.com\/index.php\/wp-json\/wp\/v2\/pages\/7\/revisions\/3160"}],"wp:attachment":[{"href":"https:\/\/kravmagacaen.com\/index.php\/wp-json\/wp\/v2\/media?parent=7"}],"curies":[{"name":"wp","href":"https:\/\/api.w.org\/{rel}","templated":true}]}}